{"id":1252,"date":"2017-11-08T16:41:49","date_gmt":"2017-11-08T15:41:49","guid":{"rendered":"https:\/\/www.actilight.com\/erkende-expertise\/"},"modified":"2017-11-10T15:16:15","modified_gmt":"2017-11-10T14:16:15","slug":"erkende-expertise","status":"publish","type":"page","link":"https:\/\/www.actilight.com\/nl\/erkende-expertise\/","title":{"rendered":"Erkende expertise"},"content":{"rendered":"<\/div><\/div><\/div><!-- close content main div --><\/div><\/div><div id='av_section_1' class='avia-section main_color avia-section-default avia-no-shadow avia-bg-style-scroll  container_wrap fullsize'   ><div class='container' ><div class='template-page content  av-content-full alpha units'><div class='post-entry post-entry-type-page post-entry-1252'><div class='entry-content-wrapper clearfix'>\n<div class=\"flex_column av_one_full  flex_column_div av-zero-column-padding first  only_mobile \" style='border-radius:0px; '><div class='avia-button-wrap avia-button-left  '><a href='https:\/\/www.actilight.com\/nl\/' class='avia-button  avia-icon_select-yes-left-icon avia-color-custom avia-size-medium avia-position-left '  style='background-color:#05732a; border-color:#05732a; color:#ffffff; ' ><span class='avia_button_icon avia_button_icon_left ' aria-hidden='true' data-av_icon='\ue88c' data-av_iconfont='entypo-fontello'><\/span><span class='avia_iconbox_title' >TERUGKEER<\/span><\/a><\/div><\/div><div class=\"flex_column av_one_full  flex_column_div av-zero-column-padding first  \" style='border-radius:0px; '><p><div style='padding-bottom:0px;font-size:55px;' class='av-special-heading av-special-heading-h2  blockquote modern-quote   av-inherit-size'><h2 class='av-special-heading-tag'  itemprop=\"headline\"  >Erkende expertise<\/h2><div class='special-heading-border'><div class='special-heading-inner-border' ><\/div><\/div><\/div><br \/>\n<section class=\"av_textblock_section\"  itemscope=\"itemscope\" itemtype=\"https:\/\/schema.org\/CreativeWork\" ><div class='avia_textblock '   itemprop=\"text\" ><p><img loading=\"lazy\" decoding=\"async\" class=\"alignleft wp-image-842\" src=\"https:\/\/www.actilight.com\/wp-content\/uploads\/2017\/01\/un-savoir-faire-reconnu-1-300x228.jpg\" alt=\"\" width=\"244\" height=\"185\" srcset=\"https:\/\/www.actilight.com\/wp-content\/uploads\/2017\/01\/un-savoir-faire-reconnu-1-300x228.jpg 300w, https:\/\/www.actilight.com\/wp-content\/uploads\/2017\/01\/un-savoir-faire-reconnu-1-450x341.jpg 450w, https:\/\/www.actilight.com\/wp-content\/uploads\/2017\/01\/un-savoir-faire-reconnu-1.jpg 684w\" sizes=\"auto, (max-width: 244px) 100vw, 244px\" \/><\/p>\n<p>In het hart van de regio&#8217;s houdt de co\u00f6peratieve groep Tereos er nauwe banden op na met de landbouw. De groep verzamelt 12.000 co\u00f6peratieve landbouwers en 24.000 medewerkers rond een gemeenschappelijke visie: een meerwaarde cre\u00ebren voor de grondstoffen en kwaliteitsvolle voedingsproducten aanbieden. Tereos wordt erkend om zijn expertise in de verwerking van bieten, riet, cassave, aardappelen en granen.<\/p>\n<h3>Onze verbintenis tot een duurzame ontwikkeling<\/h3>\n<p>Tereos integreert duurzame ontwikkeling in de kern van zijn strategie om economische prestaties en maatschappelijk verantwoord ondernemen op lange termijn met elkaar te combineren. Hiervoor heeft Tereos een strategie rond vijf belangrijke pijlers ontwikkeld: duurzame landbouw, positieve logistiek en industrie, productgarantie, lokale ontwikkeling en gezonde voedingd. Deze pijlers dekken de impact van Tereos op de maatschappij en het milieu over de hele waardeketen, van de productie van grondstoffen tot hun industri\u00eble verwerking en uiteindelijk tot hun eindgebruik.<\/p>\n<h3>De pionier van oligofructose in Europa<\/h3>\n<p>Tereos is erkend als pioneer van de oligofructose-productie in Europa.<br \/>\nHet prebiotische effect werd in 1996 officieel erkend door de Franse overheidsinstanties. Sindsdien onderzoekt Tereos de voordelen van vezels voor mens en dier.<br \/>\nDeskundigen en ingenieurs van Tereos ontwikkelen vernieuwingen die ge\u00efnspireerd zijn op onderzoek van de internationale wetenschappelijke gemeenschap om consumenten het beste van de biet te kunnen geven. Actilight\u00ae Fibre is het resultaat van deze expertise en strenge normen van de Groep Tereos om een kwaliteitsvol en gezond product te cre\u00ebren dat aan de behoeften van de consumenten beantwoordt. Dit is de sleutel tot een beter en evenwichtiger dieet waarop u kunt vertrouwen.<\/p>\n<h2><\/h2>\n<\/div><\/section><\/p><\/div>\n","protected":false},"excerpt":{"rendered":"","protected":false},"author":1,"featured_media":0,"parent":0,"menu_order":0,"comment_status":"closed","ping_status":"closed","template":"","meta":{"_acf_changed":false,"footnotes":""},"class_list":["post-1252","page","type-page","status-publish","hentry"],"acf":[],"_links":{"self":[{"href":"https:\/\/www.actilight.com\/nl\/wp-json\/wp\/v2\/pages\/1252","targetHints":{"allow":["GET"]}}],"collection":[{"href":"https:\/\/www.actilight.com\/nl\/wp-json\/wp\/v2\/pages"}],"about":[{"href":"https:\/\/www.actilight.com\/nl\/wp-json\/wp\/v2\/types\/page"}],"author":[{"embeddable":true,"href":"https:\/\/www.actilight.com\/nl\/wp-json\/wp\/v2\/users\/1"}],"replies":[{"embeddable":true,"href":"https:\/\/www.actilight.com\/nl\/wp-json\/wp\/v2\/comments?post=1252"}],"version-history":[{"count":3,"href":"https:\/\/www.actilight.com\/nl\/wp-json\/wp\/v2\/pages\/1252\/revisions"}],"predecessor-version":[{"id":1387,"href":"https:\/\/www.actilight.com\/nl\/wp-json\/wp\/v2\/pages\/1252\/revisions\/1387"}],"wp:attachment":[{"href":"https:\/\/www.actilight.com\/nl\/wp-json\/wp\/v2\/media?parent=1252"}],"curies":[{"name":"wp","href":"https:\/\/api.w.org\/{rel}","templated":true}]}}